{"id":21,"date":"2024-11-27T18:46:08","date_gmt":"2024-11-27T18:46:08","guid":{"rendered":"https:\/\/mtech-cottbus.de\/wp\/?page_id=21"},"modified":"2024-11-27T19:20:28","modified_gmt":"2024-11-27T19:20:28","slug":"unsere-leistungen","status":"publish","type":"page","link":"https:\/\/mtech-cottbus.de\/wp\/?page_id=21","title":{"rendered":"Unsere Leistungen"},"content":{"rendered":"\t\t<div data-elementor-type=\"wp-page\" data-elementor-id=\"21\" class=\"elementor elementor-21\">\n\t\t\t\t<div class=\"elementor-element elementor-element-5892385 e-flex e-con-boxed e-con e-parent\" data-id=\"5892385\" data-element_type=\"container\" data-e-type=\"container\">\n\t\t\t\t\t<div class=\"e-con-inner\">\n\t\t<div class=\"elementor-element elementor-element-81bc78b e-con-full e-flex e-con e-child\" data-id=\"81bc78b\" data-element_type=\"container\" data-e-type=\"container\">\n\t\t\t\t<div class=\"elementor-element elementor-element-078089a elementor-widget elementor-widget-heading\" data-id=\"078089a\" data-element_type=\"widget\" data-e-type=\"widget\" data-widget_type=\"heading.default\">\n\t\t\t\t<div class=\"elementor-widget-container\">\n\t\t\t\t\t<h2 class=\"elementor-heading-title elementor-size-default\">CAD Konstruktion<\/h2>\t\t\t\t<\/div>\n\t\t\t\t<\/div>\n\t\t\t\t<div class=\"elementor-element elementor-element-00f61c8 elementor-widget elementor-widget-text-editor\" data-id=\"00f61c8\" data-element_type=\"widget\" data-e-type=\"widget\" data-widget_type=\"text-editor.default\">\n\t\t\t\t<div class=\"elementor-widget-container\">\n\t\t\t\t\t\t\t\t\t<p>Im Bereich der CAD-Konstruktion bieten wir Ihnen ein vollumf\u00e4ngliches Paket an. Von 3D-Animationen, der CAD-Konstruktion bis hin zur Abwicklungserstellung.<\/p>\t\t\t\t\t\t\t\t<\/div>\n\t\t\t\t<\/div>\n\t\t\t\t<\/div>\n\t\t<div class=\"elementor-element elementor-element-f6b1d7c e-con-full e-flex e-con e-child\" data-id=\"f6b1d7c\" data-element_type=\"container\" data-e-type=\"container\">\n\t\t\t\t<div class=\"elementor-element elementor-element-8b1d6f0 elementor-widget elementor-widget-image\" data-id=\"8b1d6f0\" data-element_type=\"widget\" data-e-type=\"widget\" data-widget_type=\"image.default\">\n\t\t\t\t<div class=\"elementor-widget-container\">\n\t\t\t\t\t\t\t\t\t\t\t\t\t\t\t<img fetchpriority=\"high\" decoding=\"async\" width=\"1024\" height=\"576\" src=\"https:\/\/mtech-cottbus.de\/wp\/wp-content\/uploads\/2024\/11\/turbo-fan-1545293_1280-e1732733572541-1024x576.jpg\" class=\"attachment-large size-large wp-image-43\" alt=\"\" srcset=\"https:\/\/mtech-cottbus.de\/wp\/wp-content\/uploads\/2024\/11\/turbo-fan-1545293_1280-e1732733572541-1024x576.jpg 1024w, https:\/\/mtech-cottbus.de\/wp\/wp-content\/uploads\/2024\/11\/turbo-fan-1545293_1280-e1732733572541-300x169.jpg 300w, https:\/\/mtech-cottbus.de\/wp\/wp-content\/uploads\/2024\/11\/turbo-fan-1545293_1280-e1732733572541-768x432.jpg 768w, https:\/\/mtech-cottbus.de\/wp\/wp-content\/uploads\/2024\/11\/turbo-fan-1545293_1280-e1732733572541-800x450.jpg 800w, https:\/\/mtech-cottbus.de\/wp\/wp-content\/uploads\/2024\/11\/turbo-fan-1545293_1280-e1732733572541.jpg 1280w\" sizes=\"(max-width: 1024px) 100vw, 1024px\" \/>\t\t\t\t\t\t\t\t\t\t\t\t\t\t\t<\/div>\n\t\t\t\t<\/div>\n\t\t\t\t<\/div>\n\t\t\t\t\t<\/div>\n\t\t\t\t<\/div>\n\t\t<div class=\"elementor-element elementor-element-00f29fd e-flex e-con-boxed e-con e-parent\" data-id=\"00f29fd\" data-element_type=\"container\" data-e-type=\"container\">\n\t\t\t\t\t<div class=\"e-con-inner\">\n\t\t<div class=\"elementor-element elementor-element-eaada0b e-con-full e-flex e-con e-child\" data-id=\"eaada0b\" data-element_type=\"container\" data-e-type=\"container\">\n\t\t\t\t<div class=\"elementor-element elementor-element-f44c1f3 elementor-widget elementor-widget-image\" data-id=\"f44c1f3\" data-element_type=\"widget\" data-e-type=\"widget\" data-widget_type=\"image.default\">\n\t\t\t\t<div class=\"elementor-widget-container\">\n\t\t\t\t\t\t\t\t\t\t\t\t\t\t\t<img decoding=\"async\" width=\"1024\" height=\"576\" src=\"https:\/\/mtech-cottbus.de\/wp\/wp-content\/uploads\/2024\/11\/Bild1-e1732733928906-1024x576.jpg\" class=\"attachment-large size-large wp-image-45\" alt=\"\" srcset=\"https:\/\/mtech-cottbus.de\/wp\/wp-content\/uploads\/2024\/11\/Bild1-e1732733928906-1024x576.jpg 1024w, https:\/\/mtech-cottbus.de\/wp\/wp-content\/uploads\/2024\/11\/Bild1-e1732733928906-300x169.jpg 300w, https:\/\/mtech-cottbus.de\/wp\/wp-content\/uploads\/2024\/11\/Bild1-e1732733928906-768x432.jpg 768w, https:\/\/mtech-cottbus.de\/wp\/wp-content\/uploads\/2024\/11\/Bild1-e1732733928906-800x450.jpg 800w, https:\/\/mtech-cottbus.de\/wp\/wp-content\/uploads\/2024\/11\/Bild1-e1732733928906.jpg 1386w\" sizes=\"(max-width: 1024px) 100vw, 1024px\" \/>\t\t\t\t\t\t\t\t\t\t\t\t\t\t\t<\/div>\n\t\t\t\t<\/div>\n\t\t\t\t<\/div>\n\t\t<div class=\"elementor-element elementor-element-c433f78 e-con-full e-flex e-con e-child\" data-id=\"c433f78\" data-element_type=\"container\" data-e-type=\"container\">\n\t\t\t\t<div class=\"elementor-element elementor-element-9dcdcd5 elementor-widget elementor-widget-heading\" data-id=\"9dcdcd5\" data-element_type=\"widget\" data-e-type=\"widget\" data-widget_type=\"heading.default\">\n\t\t\t\t<div class=\"elementor-widget-container\">\n\t\t\t\t\t<h2 class=\"elementor-heading-title elementor-size-default\">Laser-\/ Plasmazuschnitt<\/h2>\t\t\t\t<\/div>\n\t\t\t\t<\/div>\n\t\t\t\t<div class=\"elementor-element elementor-element-4441ddf elementor-widget elementor-widget-text-editor\" data-id=\"4441ddf\" data-element_type=\"widget\" data-e-type=\"widget\" data-widget_type=\"text-editor.default\">\n\t\t\t\t<div class=\"elementor-widget-container\">\n\t\t\t\t\t\t\t\t\t<p>Wir bieten Ihnen individuelle L\u00f6sungen. Dank unseres Maschinenparks, k\u00f6nnen wir Ihren noch so einzigartigen Kundenwunsch in die Realit\u00e4t umsetzen. Den Anwendungsgebieten sind keine Grenzen gesetzt.<\/p>\t\t\t\t\t\t\t\t<\/div>\n\t\t\t\t<\/div>\n\t\t\t\t<\/div>\n\t\t\t\t\t<\/div>\n\t\t\t\t<\/div>\n\t\t<div class=\"elementor-element elementor-element-a9e864e e-flex e-con-boxed e-con e-parent\" data-id=\"a9e864e\" data-element_type=\"container\" data-e-type=\"container\">\n\t\t\t\t\t<div class=\"e-con-inner\">\n\t\t<div class=\"elementor-element elementor-element-a0e9def e-con-full e-flex e-con e-child\" data-id=\"a0e9def\" data-element_type=\"container\" data-e-type=\"container\">\n\t\t\t\t<div class=\"elementor-element elementor-element-c8d6f8d elementor-widget elementor-widget-heading\" data-id=\"c8d6f8d\" data-element_type=\"widget\" data-e-type=\"widget\" data-widget_type=\"heading.default\">\n\t\t\t\t<div class=\"elementor-widget-container\">\n\t\t\t\t\t<h2 class=\"elementor-heading-title elementor-size-default\">Umformtechnik<\/h2>\t\t\t\t<\/div>\n\t\t\t\t<\/div>\n\t\t\t\t<div class=\"elementor-element elementor-element-a2665a3 elementor-widget elementor-widget-text-editor\" data-id=\"a2665a3\" data-element_type=\"widget\" data-e-type=\"widget\" data-widget_type=\"text-editor.default\">\n\t\t\t\t<div class=\"elementor-widget-container\">\n\t\t\t\t\t\t\t\t\t<p>CNC-Abkanten und 4-Walzenbiegemaschine. Ihre Erwartung ist unser Anspruch. Durch CNC-Anlagen erreichen wir h\u00f6chste Pr\u00e4zision bei unseren Projekten.<\/p>\t\t\t\t\t\t\t\t<\/div>\n\t\t\t\t<\/div>\n\t\t\t\t<\/div>\n\t\t<div class=\"elementor-element elementor-element-57aaaa5 e-con-full e-flex e-con e-child\" data-id=\"57aaaa5\" data-element_type=\"container\" data-e-type=\"container\">\n\t\t\t\t<div class=\"elementor-element elementor-element-e2ea5e2 elementor-widget elementor-widget-image\" data-id=\"e2ea5e2\" data-element_type=\"widget\" data-e-type=\"widget\" data-widget_type=\"image.default\">\n\t\t\t\t<div class=\"elementor-widget-container\">\n\t\t\t\t\t\t\t\t\t\t\t\t\t\t\t<img decoding=\"async\" width=\"1024\" height=\"576\" src=\"https:\/\/mtech-cottbus.de\/wp\/wp-content\/uploads\/2024\/11\/Bild2-e1732734087540-1024x576.jpg\" class=\"attachment-large size-large wp-image-46\" alt=\"\" srcset=\"https:\/\/mtech-cottbus.de\/wp\/wp-content\/uploads\/2024\/11\/Bild2-e1732734087540-1024x576.jpg 1024w, https:\/\/mtech-cottbus.de\/wp\/wp-content\/uploads\/2024\/11\/Bild2-e1732734087540-300x169.jpg 300w, https:\/\/mtech-cottbus.de\/wp\/wp-content\/uploads\/2024\/11\/Bild2-e1732734087540-768x432.jpg 768w, https:\/\/mtech-cottbus.de\/wp\/wp-content\/uploads\/2024\/11\/Bild2-e1732734087540-800x450.jpg 800w, https:\/\/mtech-cottbus.de\/wp\/wp-content\/uploads\/2024\/11\/Bild2-e1732734087540.jpg 1386w\" sizes=\"(max-width: 1024px) 100vw, 1024px\" \/>\t\t\t\t\t\t\t\t\t\t\t\t\t\t\t<\/div>\n\t\t\t\t<\/div>\n\t\t\t\t<\/div>\n\t\t\t\t\t<\/div>\n\t\t\t\t<\/div>\n\t\t<div class=\"elementor-element elementor-element-dddc38f e-flex e-con-boxed e-con e-parent\" data-id=\"dddc38f\" data-element_type=\"container\" data-e-type=\"container\">\n\t\t\t\t\t<div class=\"e-con-inner\">\n\t\t<div class=\"elementor-element elementor-element-28721be e-con-full e-flex e-con e-child\" data-id=\"28721be\" data-element_type=\"container\" data-e-type=\"container\">\n\t\t\t\t<div class=\"elementor-element elementor-element-8e1e899 elementor-widget elementor-widget-image\" data-id=\"8e1e899\" data-element_type=\"widget\" data-e-type=\"widget\" data-widget_type=\"image.default\">\n\t\t\t\t<div class=\"elementor-widget-container\">\n\t\t\t\t\t\t\t\t\t\t\t\t\t\t\t<img loading=\"lazy\" decoding=\"async\" width=\"605\" height=\"341\" src=\"https:\/\/mtech-cottbus.de\/wp\/wp-content\/uploads\/2024\/11\/Bild3-e1732734250293.jpg\" class=\"attachment-large size-large wp-image-47\" alt=\"\" srcset=\"https:\/\/mtech-cottbus.de\/wp\/wp-content\/uploads\/2024\/11\/Bild3-e1732734250293.jpg 605w, https:\/\/mtech-cottbus.de\/wp\/wp-content\/uploads\/2024\/11\/Bild3-e1732734250293-300x169.jpg 300w\" sizes=\"(max-width: 605px) 100vw, 605px\" \/>\t\t\t\t\t\t\t\t\t\t\t\t\t\t\t<\/div>\n\t\t\t\t<\/div>\n\t\t\t\t<\/div>\n\t\t<div class=\"elementor-element elementor-element-eb3bf1c e-con-full e-flex e-con e-child\" data-id=\"eb3bf1c\" data-element_type=\"container\" data-e-type=\"container\">\n\t\t\t\t<div class=\"elementor-element elementor-element-022c586 elementor-widget elementor-widget-heading\" data-id=\"022c586\" data-element_type=\"widget\" data-e-type=\"widget\" data-widget_type=\"heading.default\">\n\t\t\t\t<div class=\"elementor-widget-container\">\n\t\t\t\t\t<h2 class=\"elementor-heading-title elementor-size-default\">CNC-Zerspanung<\/h2>\t\t\t\t<\/div>\n\t\t\t\t<\/div>\n\t\t\t\t<div class=\"elementor-element elementor-element-d680b55 elementor-widget elementor-widget-text-editor\" data-id=\"d680b55\" data-element_type=\"widget\" data-e-type=\"widget\" data-widget_type=\"text-editor.default\">\n\t\t\t\t<div class=\"elementor-widget-container\">\n\t\t\t\t\t\t\t\t\t<p>CNC-Drehen und CNC-Fr\u00e4sen<\/p>\t\t\t\t\t\t\t\t<\/div>\n\t\t\t\t<\/div>\n\t\t\t\t<\/div>\n\t\t\t\t\t<\/div>\n\t\t\t\t<\/div>\n\t\t<div class=\"elementor-element elementor-element-4d9226b e-flex e-con-boxed e-con e-parent\" data-id=\"4d9226b\" data-element_type=\"container\" data-e-type=\"container\">\n\t\t\t\t\t<div class=\"e-con-inner\">\n\t\t<div class=\"elementor-element elementor-element-df28f52 e-con-full e-flex e-con e-child\" data-id=\"df28f52\" data-element_type=\"container\" data-e-type=\"container\">\n\t\t\t\t<div class=\"elementor-element elementor-element-ee04e0c elementor-widget elementor-widget-heading\" data-id=\"ee04e0c\" data-element_type=\"widget\" data-e-type=\"widget\" data-widget_type=\"heading.default\">\n\t\t\t\t<div class=\"elementor-widget-container\">\n\t\t\t\t\t<h2 class=\"elementor-heading-title elementor-size-default\">Rohrleitungsbau<\/h2>\t\t\t\t<\/div>\n\t\t\t\t<\/div>\n\t\t\t\t<div class=\"elementor-element elementor-element-a0f1b89 elementor-widget elementor-widget-text-editor\" data-id=\"a0f1b89\" data-element_type=\"widget\" data-e-type=\"widget\" data-widget_type=\"text-editor.default\">\n\t\t\t\t<div class=\"elementor-widget-container\">\n\t\t\t\t\t\t\t\t\t<p>Von Wartung und Instandhaltung bis hin zur Produktion von Spezialflanschen oder Reduzierungen. Fordern Sie uns und sprechen Sie uns gern an!<\/p>\t\t\t\t\t\t\t\t<\/div>\n\t\t\t\t<\/div>\n\t\t\t\t<\/div>\n\t\t<div class=\"elementor-element elementor-element-0a48129 e-con-full e-flex e-con e-child\" data-id=\"0a48129\" data-element_type=\"container\" data-e-type=\"container\">\n\t\t\t\t<div class=\"elementor-element elementor-element-0bf2dbd elementor-widget elementor-widget-image\" data-id=\"0bf2dbd\" data-element_type=\"widget\" data-e-type=\"widget\" data-widget_type=\"image.default\">\n\t\t\t\t<div class=\"elementor-widget-container\">\n\t\t\t\t\t\t\t\t\t\t\t\t\t\t\t<img loading=\"lazy\" decoding=\"async\" width=\"454\" height=\"227\" src=\"https:\/\/mtech-cottbus.de\/wp\/wp-content\/uploads\/2024\/11\/Bild4.jpg\" class=\"attachment-large size-large wp-image-48\" alt=\"\" srcset=\"https:\/\/mtech-cottbus.de\/wp\/wp-content\/uploads\/2024\/11\/Bild4.jpg 454w, https:\/\/mtech-cottbus.de\/wp\/wp-content\/uploads\/2024\/11\/Bild4-300x150.jpg 300w\" sizes=\"(max-width: 454px) 100vw, 454px\" \/>\t\t\t\t\t\t\t\t\t\t\t\t\t\t\t<\/div>\n\t\t\t\t<\/div>\n\t\t\t\t<\/div>\n\t\t\t\t\t<\/div>\n\t\t\t\t<\/div>\n\t\t<div class=\"elementor-element elementor-element-2ef9c0c e-flex e-con-boxed e-con e-parent\" data-id=\"2ef9c0c\" data-element_type=\"container\" data-e-type=\"container\">\n\t\t\t\t\t<div class=\"e-con-inner\">\n\t\t<div class=\"elementor-element elementor-element-49ac263 e-con-full e-flex e-con e-child\" data-id=\"49ac263\" data-element_type=\"container\" data-e-type=\"container\">\n\t\t\t\t<div class=\"elementor-element elementor-element-14d6a51 elementor-widget elementor-widget-image\" data-id=\"14d6a51\" data-element_type=\"widget\" data-e-type=\"widget\" data-widget_type=\"image.default\">\n\t\t\t\t<div class=\"elementor-widget-container\">\n\t\t\t\t\t\t\t\t\t\t\t\t\t\t\t<img loading=\"lazy\" decoding=\"async\" width=\"1024\" height=\"576\" src=\"https:\/\/mtech-cottbus.de\/wp\/wp-content\/uploads\/2024\/11\/Bild5-1024x576.jpg\" class=\"attachment-large size-large wp-image-49\" alt=\"\" srcset=\"https:\/\/mtech-cottbus.de\/wp\/wp-content\/uploads\/2024\/11\/Bild5-1024x576.jpg 1024w, https:\/\/mtech-cottbus.de\/wp\/wp-content\/uploads\/2024\/11\/Bild5-300x169.jpg 300w, https:\/\/mtech-cottbus.de\/wp\/wp-content\/uploads\/2024\/11\/Bild5-768x432.jpg 768w, https:\/\/mtech-cottbus.de\/wp\/wp-content\/uploads\/2024\/11\/Bild5-1536x864.jpg 1536w, https:\/\/mtech-cottbus.de\/wp\/wp-content\/uploads\/2024\/11\/Bild5-800x450.jpg 800w, https:\/\/mtech-cottbus.de\/wp\/wp-content\/uploads\/2024\/11\/Bild5.jpg 1890w\" sizes=\"(max-width: 1024px) 100vw, 1024px\" \/>\t\t\t\t\t\t\t\t\t\t\t\t\t\t\t<\/div>\n\t\t\t\t<\/div>\n\t\t\t\t<\/div>\n\t\t<div class=\"elementor-element elementor-element-04d6ceb e-con-full e-flex e-con e-child\" data-id=\"04d6ceb\" data-element_type=\"container\" data-e-type=\"container\">\n\t\t\t\t<div class=\"elementor-element elementor-element-7a56581 elementor-widget elementor-widget-heading\" data-id=\"7a56581\" data-element_type=\"widget\" data-e-type=\"widget\" data-widget_type=\"heading.default\">\n\t\t\t\t<div class=\"elementor-widget-container\">\n\t\t\t\t\t<h2 class=\"elementor-heading-title elementor-size-default\">Schwei\u00dfen<\/h2>\t\t\t\t<\/div>\n\t\t\t\t<\/div>\n\t\t\t\t<div class=\"elementor-element elementor-element-49ec42a elementor-widget elementor-widget-text-editor\" data-id=\"49ec42a\" data-element_type=\"widget\" data-e-type=\"widget\" data-widget_type=\"text-editor.default\">\n\t\t\t\t<div class=\"elementor-widget-container\">\n\t\t\t\t\t\t\t\t\t<p>Sie haben individuelle W\u00fcnsche? Wir liefern Ihnen das perfekte Ergebnis mit dem richtigen Schwei\u00dfverfahren.<\/p><p>MAG\/MIG, WIG, E-Hand, Autogengas, Edelstahl, Aluminium, Gusswerkstoffe oder PE-Schwei\u00dfen<\/p>\t\t\t\t\t\t\t\t<\/div>\n\t\t\t\t<\/div>\n\t\t\t\t<\/div>\n\t\t\t\t\t<\/div>\n\t\t\t\t<\/div>\n\t\t<div class=\"elementor-element elementor-element-bf60d02 e-flex e-con-boxed e-con e-parent\" data-id=\"bf60d02\" data-element_type=\"container\" data-e-type=\"container\">\n\t\t\t\t\t<div class=\"e-con-inner\">\n\t\t<div class=\"elementor-element elementor-element-610da5d e-con-full e-flex e-con e-child\" data-id=\"610da5d\" data-element_type=\"container\" data-e-type=\"container\">\n\t\t\t\t<div class=\"elementor-element elementor-element-d0c474e elementor-widget elementor-widget-heading\" data-id=\"d0c474e\" data-element_type=\"widget\" data-e-type=\"widget\" data-widget_type=\"heading.default\">\n\t\t\t\t<div class=\"elementor-widget-container\">\n\t\t\t\t\t<h2 class=\"elementor-heading-title elementor-size-default\">Steuerungstechnik<\/h2>\t\t\t\t<\/div>\n\t\t\t\t<\/div>\n\t\t\t\t<div class=\"elementor-element elementor-element-8942d09 elementor-widget elementor-widget-text-editor\" data-id=\"8942d09\" data-element_type=\"widget\" data-e-type=\"widget\" data-widget_type=\"text-editor.default\">\n\t\t\t\t<div class=\"elementor-widget-container\">\n\t\t\t\t\t\t\t\t\t<p>Wartung von Siemens-Steuerungen, Schaltplandesign, Steuerungstechnik an Maschinen und vieles mehr&#8230;<\/p>\t\t\t\t\t\t\t\t<\/div>\n\t\t\t\t<\/div>\n\t\t\t\t<\/div>\n\t\t<div class=\"elementor-element elementor-element-34cac26 e-con-full e-flex e-con e-child\" data-id=\"34cac26\" data-element_type=\"container\" data-e-type=\"container\">\n\t\t\t\t<div class=\"elementor-element elementor-element-7a97112 elementor-widget elementor-widget-image\" data-id=\"7a97112\" data-element_type=\"widget\" data-e-type=\"widget\" data-widget_type=\"image.default\">\n\t\t\t\t<div class=\"elementor-widget-container\">\n\t\t\t\t\t\t\t\t\t\t\t\t\t\t\t<img loading=\"lazy\" decoding=\"async\" width=\"1024\" height=\"577\" src=\"https:\/\/mtech-cottbus.de\/wp\/wp-content\/uploads\/2024\/11\/Bild6-e1732735014153-1024x577.jpg\" class=\"attachment-large size-large wp-image-50\" alt=\"\" srcset=\"https:\/\/mtech-cottbus.de\/wp\/wp-content\/uploads\/2024\/11\/Bild6-e1732735014153-1024x577.jpg 1024w, https:\/\/mtech-cottbus.de\/wp\/wp-content\/uploads\/2024\/11\/Bild6-e1732735014153-300x169.jpg 300w, https:\/\/mtech-cottbus.de\/wp\/wp-content\/uploads\/2024\/11\/Bild6-e1732735014153-768x433.jpg 768w, https:\/\/mtech-cottbus.de\/wp\/wp-content\/uploads\/2024\/11\/Bild6-e1732735014153-1536x866.jpg 1536w, https:\/\/mtech-cottbus.de\/wp\/wp-content\/uploads\/2024\/11\/Bild6-e1732735014153-800x450.jpg 800w, https:\/\/mtech-cottbus.de\/wp\/wp-content\/uploads\/2024\/11\/Bild6-e1732735014153.jpg 1890w\" sizes=\"(max-width: 1024px) 100vw, 1024px\" \/>\t\t\t\t\t\t\t\t\t\t\t\t\t\t\t<\/div>\n\t\t\t\t<\/div>\n\t\t\t\t<\/div>\n\t\t\t\t\t<\/div>\n\t\t\t\t<\/div>\n\t\t<div class=\"elementor-element elementor-element-a81f20f e-flex e-con-boxed e-con e-parent\" data-id=\"a81f20f\" data-element_type=\"container\" data-e-type=\"container\">\n\t\t\t\t\t<div class=\"e-con-inner\">\n\t\t<div class=\"elementor-element elementor-element-71bf1b5 e-con-full e-flex e-con e-child\" data-id=\"71bf1b5\" data-element_type=\"container\" data-e-type=\"container\">\n\t\t\t\t<div class=\"elementor-element elementor-element-1ee1f1d elementor-widget elementor-widget-image\" data-id=\"1ee1f1d\" data-element_type=\"widget\" data-e-type=\"widget\" data-widget_type=\"image.default\">\n\t\t\t\t<div class=\"elementor-widget-container\">\n\t\t\t\t\t\t\t\t\t\t\t\t\t\t\t<img loading=\"lazy\" decoding=\"async\" width=\"454\" height=\"227\" src=\"https:\/\/mtech-cottbus.de\/wp\/wp-content\/uploads\/2024\/11\/Bild7.jpg\" class=\"attachment-large size-large wp-image-51\" alt=\"\" srcset=\"https:\/\/mtech-cottbus.de\/wp\/wp-content\/uploads\/2024\/11\/Bild7.jpg 454w, https:\/\/mtech-cottbus.de\/wp\/wp-content\/uploads\/2024\/11\/Bild7-300x150.jpg 300w\" sizes=\"(max-width: 454px) 100vw, 454px\" \/>\t\t\t\t\t\t\t\t\t\t\t\t\t\t\t<\/div>\n\t\t\t\t<\/div>\n\t\t\t\t<\/div>\n\t\t<div class=\"elementor-element elementor-element-32cfcce e-con-full e-flex e-con e-child\" data-id=\"32cfcce\" data-element_type=\"container\" data-e-type=\"container\">\n\t\t\t\t<div class=\"elementor-element elementor-element-441202f elementor-widget elementor-widget-heading\" data-id=\"441202f\" data-element_type=\"widget\" data-e-type=\"widget\" data-widget_type=\"heading.default\">\n\t\t\t\t<div class=\"elementor-widget-container\">\n\t\t\t\t\t<h2 class=\"elementor-heading-title elementor-size-default\">Pneumatik\/Hydraulik<\/h2>\t\t\t\t<\/div>\n\t\t\t\t<\/div>\n\t\t\t\t<div class=\"elementor-element elementor-element-549cc83 elementor-widget elementor-widget-text-editor\" data-id=\"549cc83\" data-element_type=\"widget\" data-e-type=\"widget\" data-widget_type=\"text-editor.default\">\n\t\t\t\t<div class=\"elementor-widget-container\">\n\t\t\t\t\t\t\t\t\t<p>Wartung, Instandhaltung, Umbau und Spezialanfertigungen. Sie haben besondere Anforderungen? Wir arbeiten nach Ihren W\u00fcnschen und liefern Qualit\u00e4tsprodukte.<\/p>\t\t\t\t\t\t\t\t<\/div>\n\t\t\t\t<\/div>\n\t\t\t\t<\/div>\n\t\t\t\t\t<\/div>\n\t\t\t\t<\/div>\n\t\t\t\t<\/div>\n\t\t","protected":false},"excerpt":{"rendered":"<p>CAD Konstruktion Im Bereich der CAD-Konstruktion bieten wir Ihnen ein vollumf\u00e4ngliches Paket an. Von 3D-Animationen, der CAD-Konstruktion bis hin zur Abwicklungserstellung. Laser-\/ Plasmazuschnitt Wir bieten Ihnen individuelle L\u00f6sungen. Dank unseres Maschinenparks, k\u00f6nnen wir Ihren noch so einzigartigen Kundenwunsch in die Realit\u00e4t umsetzen. Den Anwendungsgebieten sind keine Grenzen gesetzt. Umformtechnik CNC-Abkanten und 4-Walzenbiegemaschine. Ihre Erwartung ist [&hellip;]<\/p>\n","protected":false},"author":1,"featured_media":0,"parent":0,"menu_order":0,"comment_status":"closed","ping_status":"closed","template":"elementor_theme","meta":{"footnotes":""},"class_list":["post-21","page","type-page","status-publish","hentry","entry"],"_links":{"self":[{"href":"https:\/\/mtech-cottbus.de\/wp\/index.php?rest_route=\/wp\/v2\/pages\/21","targetHints":{"allow":["GET"]}}],"collection":[{"href":"https:\/\/mtech-cottbus.de\/wp\/index.php?rest_route=\/wp\/v2\/pages"}],"about":[{"href":"https:\/\/mtech-cottbus.de\/wp\/index.php?rest_route=\/wp\/v2\/types\/page"}],"author":[{"embeddable":true,"href":"https:\/\/mtech-cottbus.de\/wp\/index.php?rest_route=\/wp\/v2\/users\/1"}],"replies":[{"embeddable":true,"href":"https:\/\/mtech-cottbus.de\/wp\/index.php?rest_route=%2Fwp%2Fv2%2Fcomments&post=21"}],"version-history":[{"count":7,"href":"https:\/\/mtech-cottbus.de\/wp\/index.php?rest_route=\/wp\/v2\/pages\/21\/revisions"}],"predecessor-version":[{"id":54,"href":"https:\/\/mtech-cottbus.de\/wp\/index.php?rest_route=\/wp\/v2\/pages\/21\/revisions\/54"}],"wp:attachment":[{"href":"https:\/\/mtech-cottbus.de\/wp\/index.php?rest_route=%2Fwp%2Fv2%2Fmedia&parent=21"}],"curies":[{"name":"wp","href":"https:\/\/api.w.org\/{rel}","templated":true}]}}