{"id":3,"date":"2024-11-11T18:01:19","date_gmt":"2024-11-11T18:01:19","guid":{"rendered":"https:\/\/mtech-cottbus.de\/wp\/?page_id=3"},"modified":"2024-11-27T20:51:48","modified_gmt":"2024-11-27T20:51:48","slug":"privacy-policy","status":"publish","type":"page","link":"https:\/\/mtech-cottbus.de\/wp\/?page_id=3","title":{"rendered":"Impressum\/Datenschutz"},"content":{"rendered":"\n<h2 class=\"wp-block-heading\"><\/h2>\n\n\n\n<p><strong>Impressum &amp; Datenschutz<\/strong><\/p>\n\n\n\n<p><strong>Impressum und Haftungsausschluss<\/strong><\/p>\n\n\n\n<p>Domaininhaber &amp; Inhaltlich Verantwortlicher<\/p>\n\n\n\n<p>m-tech Cottbus&nbsp;<br>Industrieservice und Metallbau<\/p>\n\n\n\n<p>Dissenchener Str. 50<br>03042 Cottbus<\/p>\n\n\n\n<p>Tel.: +49 (0) 355 \/ 49 39 61 50<br>Fax: +49 (0) 3212 \/ 13 61 41 7<br>E-Mail: info@mtech-cottbus.de<\/p>\n\n\n\n<p>Gesch\u00e4ftsf\u00fchrer:<br>Martin Heinrich<\/p>\n\n\n\n<p>Handwerkskammer Cottbus:<br>HWK-Nr.: 6047279<\/p>\n\n\n\n<p><strong>Support<\/strong><\/p>\n\n\n\n<p>Beratung und Inhaltspflege der Webseite unterliegt der Firma Marketingb\u00fcro Lausitz &#8211; Alexander Adam<\/p>\n\n\n\n<p><strong>Haftung f\u00fcr Inhalte<\/strong><br>Die Inhalte unserer Seiten wurden mit gr\u00f6\u00dfter Sorgfalt erstellt. F\u00fcr die Richtigkeit, Vollst\u00e4ndigkeit und Aktualit\u00e4t der Inhalte k\u00f6nnen wir jedoch keine Gew\u00e4hr \u00fcbernehmen. Als Diensteanbieter sind wir gem\u00e4\u00df \u00a7 7 Abs.1 TMG f\u00fcr eigene Inhalte auf diesen Seiten nach den allgemeinen Gesetzen verantwortlich. Nach \u00a7\u00a7 8 bis 10 TMG sind wir als Diensteanbieter jedoch nicht verpflichtet, \u00fcbermittelte oder gespeicherte fremde Informationen zu \u00fcberwachen oder nach Umst\u00e4nden zu forschen, die auf eine rechtswidrige T\u00e4tigkeit hinweisen. Verpflichtungen zur Entfernung oder Sperrung der Nutzung von Informationen nach den allgemeinen Gesetzen bleiben hiervon unber\u00fchrt. Eine diesbez\u00fcgliche Haftung ist jedoch erst ab dem Zeitpunkt der Kenntnis einer konkreten Rechtsverletzung m\u00f6glich. Bei Bekanntwerden von entsprechenden Rechtsverletzungen werden wir diese Inhalte umgehend entfernen.<\/p>\n\n\n\n<p><strong>Haftung f\u00fcr Links<\/strong><br>Unser Angebot enth\u00e4lt Links zu externen Webseiten Dritter, auf deren Inhalte wir keinen Einfluss haben. Deshalb k\u00f6nnen wir f\u00fcr diese fremden Inhalte auch keine Gew\u00e4hr \u00fcbernehmen. F\u00fcr die Inhalte der verlinkten Seiten ist stets der jeweilige Anbieter oder Betreiber der Seiten verantwortlich. Die verlinkten Seiten wurden zum Zeitpunkt der Verlinkung auf m\u00f6gliche Rechtsverst\u00f6\u00dfe \u00fcberpr\u00fcft. Rechtswidrige Inhalte waren zum Zeitpunkt der Verlinkung nicht erkennbar. Eine permanente inhaltliche Kontrolle der verlinkten Seiten ist jedoch ohne konkrete Anhaltspunkte einer Rechtsverletzung nicht zumutbar. Bei Bekanntwerden von Rechtsverletzungen werden wir derartige Links umgehend entfernen.<\/p>\n\n\n\n<p><strong>Urheberrecht<\/strong><br>Die durch die m-tech Cottbus erstellten Inhalte und Werke auf diesen Seiten unterliegen dem deutschen Urheberrecht. Die Vervielf\u00e4ltigung, Bearbeitung, Verbreitung und jede Art der Verwertung au\u00dferhalb der Grenzen des Urheberrechtes bed\u00fcrfen der schriftlichen Zustimmung durch m-tech Cottbus. Downloads und Kopien dieser Seite sind nur zu privaten Zwecken und nicht zur Weiterverwendung gestattet. Soweit die Inhalte auf dieser Seite nicht vom Betreiber erstellt wurden, werden die Urheberrechte Dritter beachtet. Insbesondere werden Inhalte Dritter als solche gekennzeichnet. Sollten Sie trotzdem auf eine Urheberrechtsverletzung aufmerksam werden, bitten wir um einen entsprechenden Hinweis. Bei Bekanntwerden von Rechtsverletzungen werden wir derartige Inhalte umgehend entfernen<\/p>\n\n\n\n<p><strong>Datenschutzerkl\u00e4rung<\/strong><\/p>\n\n\n\n<p>Name und Anschrift des f\u00fcr die Verarbeitung Verantwortlichen<br>Verantwortlicher im Sinne der Datenschutz-Grundverordnung, sonstiger in den Mitgliedstaaten der Europ\u00e4ischen Union geltenden Datenschutzgesetze und anderer Bestimmungen mit datenschutzrechtlichem Charakter ist die:<\/p>\n\n\n\n<p>m-tech Cottbus<br>Industrieservice und Metallbau<br>Dissenchener Str. 50<br>03042 Cottbus<br>Deutschland<br>Tel.: +49 (0) 355 \/ 49 39 61 50<br>Fax: +49 (0) 3212 \/ 13 61 41 7<br>E-Mail: info@mtech-cottbus.de<\/p>\n\n\n\n<p>Information \u00fcber die Erhebung personenbezogener Daten<br>Datenerfassung auf unserer Website<br>(1) Bei der blo\u00dfen informatorischen Nutzung der Website, also wenn Sie sich nicht registrieren oder uns anderweitig Informationen \u00fcbermitteln, erheben wir nur die personenbezogenen Daten, die Ihr Browser an unseren Server \u00fcbermittelt. Wenn Sie unsere Website betrachten m\u00f6chten, erheben wir die folgenden Daten, die f\u00fcr uns technisch erforderlich sind, um Ihnen unsere Website anzuzeigen und die Stabilit\u00e4t und Sicherheit zu gew\u00e4hrleisten (Rechtsgrundlage ist Art. 6 Abs. 1 S. 1 lit. f DS-GVO) IP-Adresse Datum und Uhrzeit der Anfrage Zeitzonendifferenz zur Greenwich Mean Time (GMT) Inhalt der Anforderung (konkrete Seite)<\/p>\n\n\n\n<p>Zugriffsstatus\/HTTP-Statuscode<br>jeweils \u00fcbertragene Datenmenge<br>Website, von der die Anforderung kommt<br>Browser<br>Betriebssystem und dessen Oberfl\u00e4che<br>Sprache und Version der Browsersoftware<br>(2) Zus\u00e4tzlich zu den zuvor genannten Daten werden bei Ihrer Nutzung unserer Website Cookies auf Ihrem Rechner gespeichert. Bei Cookies handelt es sich um kleine Textdateien, die auf Ihrer Festplatte dem von Ihnen verwendeten Browser zugeordnet gespeichert werden und durch welche der Stelle, die den Cookie setzt (hier durch uns), bestimmte Informationen zuflie\u00dfen. Cookies k\u00f6nnen keine Programme ausf\u00fchren oder Viren auf Ihren Computer \u00fcbertragen. Sie dienen dazu, das Internetangebot insgesamt nutzerfreundlicher und effektiver zu machen.<\/p>\n\n\n\n<p>(3) Einsatz von Cookies:<\/p>\n\n\n\n<p>a) Diese Website nutzt folgende Arten von Cookies, deren Umfang und Funktionsweise im Folgenden erl\u00e4utert werden:<\/p>\n\n\n\n<p>Transiente Cookies (dazu b)<br>Persistente Cookies (dazu c).&nbsp;<\/p>\n\n\n\n<p>b) Transiente Cookies werden automatisiert gel\u00f6scht, wenn Sie den Browser schlie\u00dfen. Dazu z\u00e4hlen insbesondere die Session-Cookies. Diese speichern eine sogenannte Session-ID, mit welcher sich verschiedene Anfragen Ihres Browsers der gemeinsamen Sitzung zuordnen lassen. Dadurch kann Ihr Rechner wiedererkannt werden, wenn Sie auf unsere Website zur\u00fcckkehren. Die Session-Cookies werden gel\u00f6scht, wenn Sie sich ausloggen oder den Browser schlie\u00dfen.<\/p>\n\n\n\n<p>c) Persistente Cookies werden automatisiert nach einer vorgegebenen Dauer gel\u00f6scht, die sich je nach Cookie<\/p>\n\n\n\n<p>unterscheiden kann. Sie k\u00f6nnen die Cookies in den Sicherheitseinstellungen Ihres Browsers jederzeit l\u00f6schen.<\/p>\n\n\n\n<p>d) Sie k\u00f6nnen Ihre Browser-Einstellung entsprechend Ihren W\u00fcnschen konfigurieren und z. B. die Annahme von Third-Party-Cookies oder allen Cookies ablehnen. Wir weisen Sie darauf hin, dass Sie eventuell nicht alle Funktionen dieser Website nutzen k\u00f6nnen.<\/p>\n\n\n\n<p>e) Weiterhin nutzen wir HTML5 storage objects, die auf Ihrem Endger\u00e4t abgelegt werden. Diese Objekte speichern die erforderlichen Daten unabh\u00e4ngig von Ihrem verwendeten Browser und haben kein automatisches Ablaufdatum. Wenn Sie keine Verarbeitung der Flash-Cookies w\u00fcnschen, m\u00fcssen Sie ein entsprechendes Add-On installieren, z. B. &#8222;Better Privacy&#8220; f\u00fcr Mozilla Firefox (https:\/\/addons.mozilla.org\/de\/firefox\/addon\/betterprivacy\/) oder das Adobe-Flash-Killer-Cookie f\u00fcr Google Chrome. Die Nutzung von HTML5 storage objects k\u00f6nnen Sie verhindern, indem Sie in Ihrem Browser den privaten Modus einsetzen.<\/p>\n\n\n\n<p>Zudem empfehlen wir, regelm\u00e4\u00dfig Ihre Cookies und den Browser-Verlauf manuell zu l\u00f6schen.<\/p>\n\n\n\n<p>Wie erfassen wir Ihre Daten?<\/p>\n\n\n\n<p>Ihre Daten werden zum einen dadurch erhoben, dass Sie uns diese mitteilen. Hierbei kann es sich z.B. um Daten handeln, die Sie in ein Kontaktformular eingeben. Andere Daten werden automatisch beim Besuch der Website durch unsere IT-Systeme erfasst. Das sind vor allem technische Daten (z.B. Internetbrowser, Betriebssystem oder Uhrzeit des Seitenaufrufs).<br>Die Erfassung dieser Daten erfolgt automatisch, sobald Sie unsere Website betreten.<\/p>\n\n\n\n<p>Wof\u00fcr nutzen wir Ihre Daten?<\/p>\n\n\n\n<p>Ein Teil der Daten wird erhoben, um eine fehlerfreie Bereitstellung der Website zu gew\u00e4hrleisten. Andere Daten k\u00f6nnen zur Analyse Ihres Nutzerverhaltens verwendet werden.<\/p>\n\n\n\n<p>Erhebung personenbezogener Daten bei Nutzung von Kontaktformularen oder der mailto-Funktion<br>Bei Ihrer Kontaktaufnahme mit uns per E-Mail oder \u00fcber ein Kontaktformular werden die von Ihnen mitgeteilten Daten (Ihre E-Mail-Adresse, ggf. Ihr Name und Ihre Telefonnummer) von uns gespeichert, um Ihre Fragen zu beantworten, da Sie und wir ein begr\u00fcndetes Interesse daran haben, diese Antwort zu erhalten. Die in diesem Zusammenhang anfallenden Daten l\u00f6schen wir, nachdem die Speicherung nicht mehr erforderlich ist, oder schr\u00e4nken die Verarbeitung ein, falls gesetzliche Aufbewahrungspflichten bestehen.<\/p>\n\n\n\n<p>Personenbezogene Daten werden von uns nur erfasst, wenn Sie uns diese von sich aus mitteilen, beispielsweise wenn Sie \u00fcber unsere E-Mail Adresse mit uns in Kontakt treten. Wir verwenden die von Ihnen angegebenen personbezogenene Daten ausschlie\u00dflich f\u00fcr den Zweck, zu dem Sie uns bei der Kontaktierung zur Verf\u00fcgung stellen. Wir speichern Ihre Daten so lange, wie es zur Erf\u00fcllung des vorgesehenen Zwecks notwendig ist oder gesetzliche Aufbewahrungsfristen eine Speicherung erforderlich machen. Anschlie\u00dfend werden Ihre Daten nach den gesetzlichen Vorschriften gel\u00f6scht bzw. gesperrt. Eine \u00dcbermittlung Ihrer Daten an Dritte findet grunds\u00e4tzlich nicht statt, es sei denn, wir sind gesetzlich dazu verpflichtet, die Datenweitergabe ist zur Durchf\u00fchrung dieses Angebotes erforderlich oder Sie haben zuvor ausdr\u00fccklich in die Weitergabe Ihrer Daten eingewilligt. (Rechtsgrundlage ist Art. 6 Abs. 1 S. 1 lit. f DS-GVO).<\/p>\n\n\n\n<p>Wenn Sie unsere Kontaktformulare nutzen, erfassen wir folgende Daten, so diese von Ihnen entsprechend bef\u00fcllt wurden:<\/p>\n\n\n\n<p>Ihr Name<br>Name der Firma<br>Stra\u00dfe, Nr<br>PLZ,Ort<br>Ihre eMail-Adresse<br>Telefonnummer<br>Ihr verfasster Nachrichtentext<br>eventuell von uns verfasste, vorgegebene Fragen im Nachrichtentext<br>Datum und Uhrzeit der Anfrage<br>Ihr Wunsch zur Aufnahme in unseren Newsletter<br>Ihr Wunsch zum Erhalt von Informationsbrosch\u00fcren<br>Ihr Wunsch um Erhalt eines Angebotes<br>Falls wir f\u00fcr einzelne Funktionen unseres Angebots auf beauftragte Dienstleister zur\u00fcckgreifen oder Ihre Daten f\u00fcr werbliche Zwecke nutzen m\u00f6chten, werden wir Sie im Detail \u00fcber die jeweiligen Vorg\u00e4nge informieren. Dabei nennen wir auch die festgelegten Kriterien der Speicherdauer.<\/p>\n\n\n\n<p>Welche Rechte haben Sie bez\u00fcglich Ihrer Daten?<br>(1) Sie haben gegen\u00fcber uns folgende Rechte hinsichtlich der Sie betreffenden personenbezogenen Daten:<\/p>\n\n\n\n<p>Recht auf Auskunft<br>Recht auf Berichtigung oder L\u00f6schung,<br>Recht auf Einschr\u00e4nkung der Verarbeitung,<br>Recht auf Widerspruch gegen die Verarbeitung,<br>Recht auf Daten\u00fcbertragbarkeit<br>(2) Sie haben zudem das Recht, sich bei einer Datenschutz-Aufsichtsbeh\u00f6rde \u00fcber die Verarbeitung Ihrer personenbezogenen Daten durch uns zu beschweren.<\/p>\n","protected":false},"excerpt":{"rendered":"<p>Impressum &amp; Datenschutz Impressum und Haftungsausschluss Domaininhaber &amp; Inhaltlich Verantwortlicher m-tech Cottbus&nbsp;Industrieservice und Metallbau Dissenchener Str. 5003042 Cottbus Tel.: +49 (0) 355 \/ 49 39 61 50Fax: +49 (0) 3212 \/ 13 61 41 7E-Mail: info@mtech-cottbus.de Gesch\u00e4ftsf\u00fchrer:Martin Heinrich Handwerkskammer Cottbus:HWK-Nr.: 6047279 Support Beratung und Inhaltspflege der Webseite unterliegt der Firma Marketingb\u00fcro Lausitz &#8211; Alexander Adam [&hellip;]<\/p>\n","protected":false},"author":1,"featured_media":0,"parent":0,"menu_order":0,"comment_status":"closed","ping_status":"closed","template":"","meta":{"footnotes":""},"class_list":["post-3","page","type-page","status-publish","hentry","entry"],"_links":{"self":[{"href":"https:\/\/mtech-cottbus.de\/wp\/index.php?rest_route=\/wp\/v2\/pages\/3","targetHints":{"allow":["GET"]}}],"collection":[{"href":"https:\/\/mtech-cottbus.de\/wp\/index.php?rest_route=\/wp\/v2\/pages"}],"about":[{"href":"https:\/\/mtech-cottbus.de\/wp\/index.php?rest_route=\/wp\/v2\/types\/page"}],"author":[{"embeddable":true,"href":"https:\/\/mtech-cottbus.de\/wp\/index.php?rest_route=\/wp\/v2\/users\/1"}],"replies":[{"embeddable":true,"href":"https:\/\/mtech-cottbus.de\/wp\/index.php?rest_route=%2Fwp%2Fv2%2Fcomments&post=3"}],"version-history":[{"count":1,"href":"https:\/\/mtech-cottbus.de\/wp\/index.php?rest_route=\/wp\/v2\/pages\/3\/revisions"}],"predecessor-version":[{"id":84,"href":"https:\/\/mtech-cottbus.de\/wp\/index.php?rest_route=\/wp\/v2\/pages\/3\/revisions\/84"}],"wp:attachment":[{"href":"https:\/\/mtech-cottbus.de\/wp\/index.php?rest_route=%2Fwp%2Fv2%2Fmedia&parent=3"}],"curies":[{"name":"wp","href":"https:\/\/api.w.org\/{rel}","templated":true}]}}