{"id":8,"date":"2024-11-24T09:37:11","date_gmt":"2024-11-24T09:37:11","guid":{"rendered":"https:\/\/mtech-cottbus.de\/wp\/?page_id=8"},"modified":"2025-09-03T05:44:36","modified_gmt":"2025-09-03T05:44:36","slug":"startseite","status":"publish","type":"page","link":"https:\/\/mtech-cottbus.de\/wp\/","title":{"rendered":"Startseite"},"content":{"rendered":"\t\t<div data-elementor-type=\"wp-page\" data-elementor-id=\"8\" class=\"elementor elementor-8\">\n\t\t\t\t<div class=\"elementor-element elementor-element-2a83dc4 e-con-full e-flex e-con e-parent\" data-id=\"2a83dc4\" data-element_type=\"container\" data-e-type=\"container\" data-settings=\"{&quot;background_background&quot;:&quot;video&quot;,&quot;background_video_link&quot;:&quot;https:\\\/\\\/mtech-cottbus.de\\\/wp\\\/wp-content\\\/uploads\\\/2024\\\/11\\\/4941457-hd_1920_1080_25fps.mp4&quot;,&quot;background_play_on_mobile&quot;:&quot;yes&quot;}\">\n\t\t<div class=\"elementor-background-video-container\">\n\t\t\t\t\t\t\t<video class=\"elementor-background-video-hosted\" role=\"presentation\" autoplay muted playsinline loop><\/video>\n\t\t\t\t\t<\/div>\t\t<div class=\"elementor-element elementor-element-00ef6ed elementor-widget elementor-widget-spacer\" data-id=\"00ef6ed\" data-element_type=\"widget\" data-e-type=\"widget\" data-widget_type=\"spacer.default\">\n\t\t\t\t<div class=\"elementor-widget-container\">\n\t\t\t\t\t\t\t<div class=\"elementor-spacer\">\n\t\t\t<div class=\"elementor-spacer-inner\"><\/div>\n\t\t<\/div>\n\t\t\t\t\t\t<\/div>\n\t\t\t\t<\/div>\n\t\t\t\t<div class=\"elementor-element elementor-element-ff0d228 elementor-widget elementor-widget-heading\" data-id=\"ff0d228\" data-element_type=\"widget\" data-e-type=\"widget\" data-widget_type=\"heading.default\">\n\t\t\t\t<div class=\"elementor-widget-container\">\n\t\t\t\t\t<h2 class=\"elementor-heading-title elementor-size-default\">Willkommen bei m-tech,&nbsp;<div>Ihrem zuverl\u00e4ssigen Partner f\u00fcr&nbsp;<\/div><div>Industrieservice, Metallbau und Maschinenbau<span style=\"font-family: Roboto, sans-serif;font-size: 28px;font-weight: 600\"><\/span><\/div><\/h2>\t\t\t\t<\/div>\n\t\t\t\t<\/div>\n\t\t\t\t<div class=\"elementor-element elementor-element-db3a20d elementor-tablet-align-center elementor-widget elementor-widget-button\" data-id=\"db3a20d\" data-element_type=\"widget\" data-e-type=\"widget\" data-widget_type=\"button.default\">\n\t\t\t\t<div class=\"elementor-widget-container\">\n\t\t\t\t\t\t\t\t\t<div class=\"elementor-button-wrapper\">\n\t\t\t\t\t<a class=\"elementor-button elementor-button-link elementor-size-sm\" href=\"https:\/\/mtech-cottbus.de\/wp\/wp-content\/uploads\/2025\/04\/JTF-Martin-Heinrich-mtech-Cottbus.pdf\">\n\t\t\t\t\t\t<span class=\"elementor-button-content-wrapper\">\n\t\t\t\t\t\t\t\t\t<span class=\"elementor-button-text\">JTF F\u00f6rderung<\/span>\n\t\t\t\t\t<\/span>\n\t\t\t\t\t<\/a>\n\t\t\t\t<\/div>\n\t\t\t\t\t\t\t\t<\/div>\n\t\t\t\t<\/div>\n\t\t\t\t<\/div>\n\t\t<div class=\"elementor-element elementor-element-8ca5e0c e-con-full e-flex e-con e-parent\" data-id=\"8ca5e0c\" data-element_type=\"container\" data-e-type=\"container\">\n\t\t\t\t<div class=\"elementor-element elementor-element-20e587f elementor-widget elementor-widget-text-editor\" data-id=\"20e587f\" data-element_type=\"widget\" data-e-type=\"widget\" data-widget_type=\"text-editor.default\">\n\t\t\t\t<div class=\"elementor-widget-container\">\n\t\t\t\t\t\t\t\t\t<p>Seit \u00fcber 15 Jahren bieten wir erstklassige L\u00f6sungen f\u00fcr Gesch\u00e4fts- und Privatkunden. Mit unserem Fachwissen und Engagement setzen wir Ihre Projekte nach Ihren Vorstellungen erfolgreich um.<\/p><p>Entdecken Sie unser breites Leistungsspektrum und lassen Sie sich von unserer Qualit\u00e4t \u00fcberzeugen.<\/p><p style=\"text-align: center;\"><strong>Sie erreichen uns unter:<\/strong><br \/><strong>0355\/49396150 oder info@mtech-cottbus.de<\/strong><\/p>\t\t\t\t\t\t\t\t<\/div>\n\t\t\t\t<\/div>\n\t\t\t\t<\/div>\n\t\t\t\t<\/div>\n\t\t","protected":false},"excerpt":{"rendered":"<p>Willkommen bei m-tech,&nbsp;Ihrem zuverl\u00e4ssigen Partner f\u00fcr&nbsp;Industrieservice, Metallbau und Maschinenbau JTF F\u00f6rderung Seit \u00fcber 15 Jahren bieten wir erstklassige L\u00f6sungen f\u00fcr Gesch\u00e4fts- und Privatkunden. Mit unserem Fachwissen und Engagement setzen wir Ihre Projekte nach Ihren Vorstellungen erfolgreich um. Entdecken Sie unser breites Leistungsspektrum und lassen Sie sich von unserer Qualit\u00e4t \u00fcberzeugen. Sie erreichen uns unter:0355\/49396150 oder [&hellip;]<\/p>\n","protected":false},"author":1,"featured_media":0,"parent":0,"menu_order":0,"comment_status":"closed","ping_status":"closed","template":"elementor_header_footer","meta":{"footnotes":""},"class_list":["post-8","page","type-page","status-publish","hentry","entry"],"_links":{"self":[{"href":"https:\/\/mtech-cottbus.de\/wp\/index.php?rest_route=\/wp\/v2\/pages\/8","targetHints":{"allow":["GET"]}}],"collection":[{"href":"https:\/\/mtech-cottbus.de\/wp\/index.php?rest_route=\/wp\/v2\/pages"}],"about":[{"href":"https:\/\/mtech-cottbus.de\/wp\/index.php?rest_route=\/wp\/v2\/types\/page"}],"author":[{"embeddable":true,"href":"https:\/\/mtech-cottbus.de\/wp\/index.php?rest_route=\/wp\/v2\/users\/1"}],"replies":[{"embeddable":true,"href":"https:\/\/mtech-cottbus.de\/wp\/index.php?rest_route=%2Fwp%2Fv2%2Fcomments&post=8"}],"version-history":[{"count":27,"href":"https:\/\/mtech-cottbus.de\/wp\/index.php?rest_route=\/wp\/v2\/pages\/8\/revisions"}],"predecessor-version":[{"id":104,"href":"https:\/\/mtech-cottbus.de\/wp\/index.php?rest_route=\/wp\/v2\/pages\/8\/revisions\/104"}],"wp:attachment":[{"href":"https:\/\/mtech-cottbus.de\/wp\/index.php?rest_route=%2Fwp%2Fv2%2Fmedia&parent=8"}],"curies":[{"name":"wp","href":"https:\/\/api.w.org\/{rel}","templated":true}]}}